{"id":133,"date":"2024-03-04T09:23:49","date_gmt":"2024-03-04T08:23:49","guid":{"rendered":"https:\/\/www.skargardensbokmassa.se\/?page_id=133"},"modified":"2025-11-16T19:44:38","modified_gmt":"2025-11-16T18:44:38","slug":"lokalen","status":"publish","type":"page","link":"https:\/\/www.skargardensbokmassa.se\/","title":{"rendered":"4:e Sk\u00e4rg\u00e5rdens Bokm\u00e4ssa g\u00e5r av stapeln 15 november 2026"},"content":{"rendered":"\n<p>2025 \u00e5rs upplaga av Sk\u00e4rg\u00e5rdens Bokm\u00e4ssa \u00e4r \u00f6ver. Tusen tack till alla v\u00e5ra fantastiska f\u00f6rfattare och v\u00e5rt \u00e4lskade folkbibliotek f\u00f6r att ni ville st\u00e4lla ut och ett stort tack till hundratals \u00f6bor som kom f\u00f6r att titta p\u00e5 och k\u00f6pa b\u00f6cker, vara med p\u00e5 boklotteriet, lyssna p\u00e5 v\u00e5ra f\u00f6redrag och f\u00f6r att \u00e4ta och dricka gott p\u00e5 Restaurang Astri. De har nog aldrig haft s\u00e5 m\u00e5nga lunchg\u00e4ster p\u00e5 en s\u00f6ndag&#8230; Kul!<\/p>\n\n\n\n<figure class=\"wp-block-gallery has-nested-images columns-default is-cropped wp-block-gallery-1 is-layout-flex wp-block-gallery-is-layout-flex\">\n<figure class=\"wp-block-image size-large\"><img loading=\"lazy\" decoding=\"async\" width=\"576\" height=\"1024\" data-id=\"580\" src=\"https:\/\/www.skargardensbokmassa.se\/wp-content\/uploads\/2025\/11\/IMG_2259-576x1024.jpeg\" alt=\"\" class=\"wp-image-580\" srcset=\"https:\/\/www.skargardensbokmassa.se\/wp-content\/uploads\/2025\/11\/IMG_2259-576x1024.jpeg 576w, https:\/\/www.skargardensbokmassa.se\/wp-content\/uploads\/2025\/11\/IMG_2259-169x300.jpeg 169w, https:\/\/www.skargardensbokmassa.se\/wp-content\/uploads\/2025\/11\/IMG_2259-768x1365.jpeg 768w, https:\/\/www.skargardensbokmassa.se\/wp-content\/uploads\/2025\/11\/IMG_2259-864x1536.jpeg 864w, https:\/\/www.skargardensbokmassa.se\/wp-content\/uploads\/2025\/11\/IMG_2259-1152x2048.jpeg 1152w, https:\/\/www.skargardensbokmassa.se\/wp-content\/uploads\/2025\/11\/IMG_2259.jpeg 1440w\" sizes=\"auto, (max-width: 576px) 100vw, 576px\" \/><\/figure>\n\n\n\n<figure class=\"wp-block-image size-large\"><img loading=\"lazy\" decoding=\"async\" width=\"576\" height=\"1024\" data-id=\"583\" src=\"https:\/\/www.skargardensbokmassa.se\/wp-content\/uploads\/2025\/11\/IMG_2255-576x1024.jpeg\" alt=\"\" class=\"wp-image-583\" srcset=\"https:\/\/www.skargardensbokmassa.se\/wp-content\/uploads\/2025\/11\/IMG_2255-576x1024.jpeg 576w, https:\/\/www.skargardensbokmassa.se\/wp-content\/uploads\/2025\/11\/IMG_2255-169x300.jpeg 169w, https:\/\/www.skargardensbokmassa.se\/wp-content\/uploads\/2025\/11\/IMG_2255-768x1365.jpeg 768w, https:\/\/www.skargardensbokmassa.se\/wp-content\/uploads\/2025\/11\/IMG_2255-864x1536.jpeg 864w, https:\/\/www.skargardensbokmassa.se\/wp-content\/uploads\/2025\/11\/IMG_2255-1152x2048.jpeg 1152w, https:\/\/www.skargardensbokmassa.se\/wp-content\/uploads\/2025\/11\/IMG_2255.jpeg 1440w\" sizes=\"auto, (max-width: 576px) 100vw, 576px\" \/><\/figure>\n\n\n\n<figure class=\"wp-block-image size-large\"><img loading=\"lazy\" decoding=\"async\" width=\"576\" height=\"1024\" data-id=\"584\" src=\"https:\/\/www.skargardensbokmassa.se\/wp-content\/uploads\/2025\/11\/IMG_2256-576x1024.jpeg\" alt=\"\" class=\"wp-image-584\" srcset=\"https:\/\/www.skargardensbokmassa.se\/wp-content\/uploads\/2025\/11\/IMG_2256-576x1024.jpeg 576w, https:\/\/www.skargardensbokmassa.se\/wp-content\/uploads\/2025\/11\/IMG_2256-169x300.jpeg 169w, https:\/\/www.skargardensbokmassa.se\/wp-content\/uploads\/2025\/11\/IMG_2256-768x1365.jpeg 768w, https:\/\/www.skargardensbokmassa.se\/wp-content\/uploads\/2025\/11\/IMG_2256-864x1536.jpeg 864w, https:\/\/www.skargardensbokmassa.se\/wp-content\/uploads\/2025\/11\/IMG_2256-1152x2048.jpeg 1152w, https:\/\/www.skargardensbokmassa.se\/wp-content\/uploads\/2025\/11\/IMG_2256.jpeg 1440w\" sizes=\"auto, (max-width: 576px) 100vw, 576px\" \/><\/figure>\n\n\n\n<figure class=\"wp-block-image size-large\"><img loading=\"lazy\" decoding=\"async\" width=\"768\" height=\"1024\" data-id=\"586\" src=\"https:\/\/www.skargardensbokmassa.se\/wp-content\/uploads\/2025\/11\/IMG_6325-768x1024.jpeg\" alt=\"\" class=\"wp-image-586\" srcset=\"https:\/\/www.skargardensbokmassa.se\/wp-content\/uploads\/2025\/11\/IMG_6325-768x1024.jpeg 768w, https:\/\/www.skargardensbokmassa.se\/wp-content\/uploads\/2025\/11\/IMG_6325-225x300.jpeg 225w, https:\/\/www.skargardensbokmassa.se\/wp-content\/uploads\/2025\/11\/IMG_6325-1152x1536.jpeg 1152w, https:\/\/www.skargardensbokmassa.se\/wp-content\/uploads\/2025\/11\/IMG_6325-1536x2048.jpeg 1536w, https:\/\/www.skargardensbokmassa.se\/wp-content\/uploads\/2025\/11\/IMG_6325.jpeg 1920w\" sizes=\"auto, (max-width: 768px) 100vw, 768px\" \/><\/figure>\n\n\n\n<figure class=\"wp-block-image size-large\"><img loading=\"lazy\" decoding=\"async\" width=\"1024\" height=\"768\" data-id=\"587\" src=\"https:\/\/www.skargardensbokmassa.se\/wp-content\/uploads\/2025\/11\/IMG_6316-1024x768.jpeg\" alt=\"\" class=\"wp-image-587\" srcset=\"https:\/\/www.skargardensbokmassa.se\/wp-content\/uploads\/2025\/11\/IMG_6316-1024x768.jpeg 1024w, https:\/\/www.skargardensbokmassa.se\/wp-content\/uploads\/2025\/11\/IMG_6316-300x225.jpeg 300w, https:\/\/www.skargardensbokmassa.se\/wp-content\/uploads\/2025\/11\/IMG_6316-768x576.jpeg 768w, https:\/\/www.skargardensbokmassa.se\/wp-content\/uploads\/2025\/11\/IMG_6316-1536x1152.jpeg 1536w, https:\/\/www.skargardensbokmassa.se\/wp-content\/uploads\/2025\/11\/IMG_6316-2048x1536.jpeg 2048w\" sizes=\"auto, (max-width: 1024px) 100vw, 1024px\" \/><\/figure>\n\n\n\n<figure class=\"wp-block-image size-large\"><img loading=\"lazy\" decoding=\"async\" width=\"1024\" height=\"576\" data-id=\"581\" src=\"https:\/\/www.skargardensbokmassa.se\/wp-content\/uploads\/2025\/11\/IMG_2249-1024x576.jpeg\" alt=\"\" class=\"wp-image-581\" srcset=\"https:\/\/www.skargardensbokmassa.se\/wp-content\/uploads\/2025\/11\/IMG_2249-1024x576.jpeg 1024w, https:\/\/www.skargardensbokmassa.se\/wp-content\/uploads\/2025\/11\/IMG_2249-300x169.jpeg 300w, https:\/\/www.skargardensbokmassa.se\/wp-content\/uploads\/2025\/11\/IMG_2249-768x432.jpeg 768w, https:\/\/www.skargardensbokmassa.se\/wp-content\/uploads\/2025\/11\/IMG_2249-1536x864.jpeg 1536w, https:\/\/www.skargardensbokmassa.se\/wp-content\/uploads\/2025\/11\/IMG_2249-2048x1152.jpeg 2048w\" sizes=\"auto, (max-width: 1024px) 100vw, 1024px\" \/><\/figure>\n\n\n\n<figure class=\"wp-block-image size-large\"><img loading=\"lazy\" decoding=\"async\" width=\"768\" height=\"1024\" data-id=\"582\" src=\"https:\/\/www.skargardensbokmassa.se\/wp-content\/uploads\/2025\/11\/IMG_6314-768x1024.jpeg\" alt=\"\" class=\"wp-image-582\" srcset=\"https:\/\/www.skargardensbokmassa.se\/wp-content\/uploads\/2025\/11\/IMG_6314-768x1024.jpeg 768w, https:\/\/www.skargardensbokmassa.se\/wp-content\/uploads\/2025\/11\/IMG_6314-225x300.jpeg 225w, https:\/\/www.skargardensbokmassa.se\/wp-content\/uploads\/2025\/11\/IMG_6314-1152x1536.jpeg 1152w, https:\/\/www.skargardensbokmassa.se\/wp-content\/uploads\/2025\/11\/IMG_6314-1536x2048.jpeg 1536w, https:\/\/www.skargardensbokmassa.se\/wp-content\/uploads\/2025\/11\/IMG_6314.jpeg 1920w\" sizes=\"auto, (max-width: 768px) 100vw, 768px\" \/><\/figure>\n\n\n\n<figure class=\"wp-block-image size-large\"><img loading=\"lazy\" decoding=\"async\" width=\"768\" height=\"1024\" data-id=\"585\" src=\"https:\/\/www.skargardensbokmassa.se\/wp-content\/uploads\/2025\/11\/IMG_6333-768x1024.jpeg\" alt=\"\" class=\"wp-image-585\" srcset=\"https:\/\/www.skargardensbokmassa.se\/wp-content\/uploads\/2025\/11\/IMG_6333-768x1024.jpeg 768w, https:\/\/www.skargardensbokmassa.se\/wp-content\/uploads\/2025\/11\/IMG_6333-225x300.jpeg 225w, https:\/\/www.skargardensbokmassa.se\/wp-content\/uploads\/2025\/11\/IMG_6333-1152x1536.jpeg 1152w, https:\/\/www.skargardensbokmassa.se\/wp-content\/uploads\/2025\/11\/IMG_6333-1536x2048.jpeg 1536w, https:\/\/www.skargardensbokmassa.se\/wp-content\/uploads\/2025\/11\/IMG_6333.jpeg 1920w\" sizes=\"auto, (max-width: 768px) 100vw, 768px\" \/><\/figure>\n\n\n\n<figure class=\"wp-block-image size-large\"><img loading=\"lazy\" decoding=\"async\" width=\"1024\" height=\"768\" data-id=\"588\" src=\"https:\/\/www.skargardensbokmassa.se\/wp-content\/uploads\/2025\/11\/IMG_6322-1024x768.jpeg\" alt=\"\" class=\"wp-image-588\" srcset=\"https:\/\/www.skargardensbokmassa.se\/wp-content\/uploads\/2025\/11\/IMG_6322-1024x768.jpeg 1024w, https:\/\/www.skargardensbokmassa.se\/wp-content\/uploads\/2025\/11\/IMG_6322-300x225.jpeg 300w, https:\/\/www.skargardensbokmassa.se\/wp-content\/uploads\/2025\/11\/IMG_6322-768x576.jpeg 768w, https:\/\/www.skargardensbokmassa.se\/wp-content\/uploads\/2025\/11\/IMG_6322-1536x1152.jpeg 1536w, https:\/\/www.skargardensbokmassa.se\/wp-content\/uploads\/2025\/11\/IMG_6322-2048x1536.jpeg 2048w\" sizes=\"auto, (max-width: 1024px) 100vw, 1024px\" \/><\/figure>\n<\/figure>\n\n\n\n<p class=\"has-text-align-left\">Nu \u00e4r det slut f\u00f6r i \u00e5r men vi ses igen den tredje s\u00f6ndagen i november 2026. V\u00e4lkommen \u00e5ter!<\/p>\n","protected":false},"excerpt":{"rendered":"<p>2025 \u00e5rs upplaga av Sk\u00e4rg\u00e5rdens Bokm\u00e4ssa \u00e4r \u00f6ver. Tusen tack till alla v\u00e5ra fantastiska f\u00f6rfattare och v\u00e5rt \u00e4lskade folkbibliotek f\u00f6r att ni ville st\u00e4lla ut och ett stort tack till hundratals \u00f6bor som kom f\u00f6r att titta p\u00e5 och k\u00f6pa b\u00f6cker, vara med p\u00e5 boklotteriet, lyssna p\u00e5 v\u00e5ra f\u00f6redrag och f\u00f6r att \u00e4ta och dricka [&hellip;]<\/p>\n","protected":false},"author":1,"featured_media":0,"parent":0,"menu_order":0,"comment_status":"closed","ping_status":"closed","template":"","meta":{"footnotes":""},"class_list":["post-133","page","type-page","status-publish","hentry"],"yoast_head":"<!-- This site is optimized with the Yoast SEO plugin v27.4 - https:\/\/yoast.com\/product\/yoast-seo-wordpress\/ -->\n<title>4:e Sk\u00e4rg\u00e5rdens Bokm\u00e4ssa g\u00e5r av stapeln 15 november 2026 - Sk\u00e4rg\u00e5rdens Bokm\u00e4ssa<\/title>\n<meta name=\"description\" content=\"Sk\u00e4rg\u00e5rdens Bokm\u00e4ssa \u00e4ger rum varje \u00e5r den tredje s\u00f6ndagen i november i S\u00f6dra Sk\u00e4rg\u00e5rden. Vi \u00e5terkommer med platsen f\u00f6r 2026 \u00e5rs bokm\u00e4ssa.\" \/>\n<meta name=\"robots\" content=\"index, follow, max-snippet:-1, max-image-preview:large, max-video-preview:-1\" \/>\n<link rel=\"canonical\" href=\"https:\/\/www.skargardensbokmassa.se\/\" \/>\n<meta property=\"og:locale\" content=\"sv_SE\" \/>\n<meta property=\"og:type\" content=\"article\" \/>\n<meta property=\"og:title\" content=\"4:e Sk\u00e4rg\u00e5rdens Bokm\u00e4ssa g\u00e5r av stapeln 15 november 2026 - Sk\u00e4rg\u00e5rdens Bokm\u00e4ssa\" \/>\n<meta property=\"og:description\" content=\"Sk\u00e4rg\u00e5rdens Bokm\u00e4ssa \u00e4ger rum varje \u00e5r den tredje s\u00f6ndagen i november i S\u00f6dra Sk\u00e4rg\u00e5rden. Vi \u00e5terkommer med platsen f\u00f6r 2026 \u00e5rs bokm\u00e4ssa.\" \/>\n<meta property=\"og:url\" content=\"https:\/\/www.skargardensbokmassa.se\/\" \/>\n<meta property=\"og:site_name\" content=\"Sk\u00e4rg\u00e5rdens Bokm\u00e4ssa\" \/>\n<meta property=\"article:modified_time\" content=\"2025-11-16T18:44:38+00:00\" \/>\n<meta property=\"og:image\" content=\"https:\/\/www.skargardensbokmassa.se\/wp-content\/uploads\/2025\/11\/IMG_2259.jpeg\" \/>\n\t<meta property=\"og:image:width\" content=\"1440\" \/>\n\t<meta property=\"og:image:height\" content=\"2560\" \/>\n\t<meta property=\"og:image:type\" content=\"image\/jpeg\" \/>\n<meta name=\"twitter:card\" content=\"summary_large_image\" \/>\n<meta name=\"twitter:label1\" content=\"Ber\u00e4knad l\u00e4stid\" \/>\n\t<meta name=\"twitter:data1\" content=\"3 minuter\" \/>\n<script type=\"application\/ld+json\" class=\"yoast-schema-graph\">{\"@context\":\"https:\\\/\\\/schema.org\",\"@graph\":[{\"@type\":\"WebPage\",\"@id\":\"https:\\\/\\\/www.skargardensbokmassa.se\\\/\",\"url\":\"https:\\\/\\\/www.skargardensbokmassa.se\\\/\",\"name\":\"4:e Sk\u00e4rg\u00e5rdens Bokm\u00e4ssa g\u00e5r av stapeln 15 november 2026 - Sk\u00e4rg\u00e5rdens Bokm\u00e4ssa\",\"isPartOf\":{\"@id\":\"https:\\\/\\\/www.skargardensbokmassa.se\\\/#website\"},\"primaryImageOfPage\":{\"@id\":\"https:\\\/\\\/www.skargardensbokmassa.se\\\/#primaryimage\"},\"image\":{\"@id\":\"https:\\\/\\\/www.skargardensbokmassa.se\\\/#primaryimage\"},\"thumbnailUrl\":\"https:\\\/\\\/www.skargardensbokmassa.se\\\/wp-content\\\/uploads\\\/2025\\\/11\\\/IMG_2259-576x1024.jpeg\",\"datePublished\":\"2024-03-04T08:23:49+00:00\",\"dateModified\":\"2025-11-16T18:44:38+00:00\",\"description\":\"Sk\u00e4rg\u00e5rdens Bokm\u00e4ssa \u00e4ger rum varje \u00e5r den tredje s\u00f6ndagen i november i S\u00f6dra Sk\u00e4rg\u00e5rden. Vi \u00e5terkommer med platsen f\u00f6r 2026 \u00e5rs bokm\u00e4ssa.\",\"breadcrumb\":{\"@id\":\"https:\\\/\\\/www.skargardensbokmassa.se\\\/#breadcrumb\"},\"inLanguage\":\"sv-SE\",\"potentialAction\":[{\"@type\":\"ReadAction\",\"target\":[\"https:\\\/\\\/www.skargardensbokmassa.se\\\/\"]}]},{\"@type\":\"ImageObject\",\"inLanguage\":\"sv-SE\",\"@id\":\"https:\\\/\\\/www.skargardensbokmassa.se\\\/#primaryimage\",\"url\":\"https:\\\/\\\/www.skargardensbokmassa.se\\\/wp-content\\\/uploads\\\/2025\\\/11\\\/IMG_2259.jpeg\",\"contentUrl\":\"https:\\\/\\\/www.skargardensbokmassa.se\\\/wp-content\\\/uploads\\\/2025\\\/11\\\/IMG_2259.jpeg\",\"width\":1440,\"height\":2560},{\"@type\":\"BreadcrumbList\",\"@id\":\"https:\\\/\\\/www.skargardensbokmassa.se\\\/#breadcrumb\",\"itemListElement\":[{\"@type\":\"ListItem\",\"position\":1,\"name\":\"Home\",\"item\":\"https:\\\/\\\/www.skargardensbokmassa.se\\\/\"},{\"@type\":\"ListItem\",\"position\":2,\"name\":\"4:e Sk\u00e4rg\u00e5rdens Bokm\u00e4ssa g\u00e5r av stapeln 15 november 2026\"}]},{\"@type\":\"WebSite\",\"@id\":\"https:\\\/\\\/www.skargardensbokmassa.se\\\/#website\",\"url\":\"https:\\\/\\\/www.skargardensbokmassa.se\\\/\",\"name\":\"Sk\u00e4rg\u00e5rdens Bokm\u00e4ssa\",\"description\":\"\u00d6bornas egen bokm\u00e4ssa\",\"publisher\":{\"@id\":\"https:\\\/\\\/www.skargardensbokmassa.se\\\/#organization\"},\"potentialAction\":[{\"@type\":\"SearchAction\",\"target\":{\"@type\":\"EntryPoint\",\"urlTemplate\":\"https:\\\/\\\/www.skargardensbokmassa.se\\\/?s={search_term_string}\"},\"query-input\":{\"@type\":\"PropertyValueSpecification\",\"valueRequired\":true,\"valueName\":\"search_term_string\"}}],\"inLanguage\":\"sv-SE\"},{\"@type\":\"Organization\",\"@id\":\"https:\\\/\\\/www.skargardensbokmassa.se\\\/#organization\",\"name\":\"Sk\u00e4rg\u00e5rdens Bokm\u00e4ssa\",\"url\":\"https:\\\/\\\/www.skargardensbokmassa.se\\\/\",\"logo\":{\"@type\":\"ImageObject\",\"inLanguage\":\"sv-SE\",\"@id\":\"https:\\\/\\\/www.skargardensbokmassa.se\\\/#\\\/schema\\\/logo\\\/image\\\/\",\"url\":\"https:\\\/\\\/www.skargardensbokmassa.se\\\/wp-content\\\/uploads\\\/2024\\\/02\\\/Skargardens-Bokmassa-LOGO-1024x1024.jpg\",\"contentUrl\":\"https:\\\/\\\/www.skargardensbokmassa.se\\\/wp-content\\\/uploads\\\/2024\\\/02\\\/Skargardens-Bokmassa-LOGO-1024x1024.jpg\",\"width\":1024,\"height\":1024,\"caption\":\"Sk\u00e4rg\u00e5rdens Bokm\u00e4ssa\"},\"image\":{\"@id\":\"https:\\\/\\\/www.skargardensbokmassa.se\\\/#\\\/schema\\\/logo\\\/image\\\/\"}}]}<\/script>\n<!-- \/ Yoast SEO plugin. -->","yoast_head_json":{"title":"4:e Sk\u00e4rg\u00e5rdens Bokm\u00e4ssa g\u00e5r av stapeln 15 november 2026 - Sk\u00e4rg\u00e5rdens Bokm\u00e4ssa","description":"Sk\u00e4rg\u00e5rdens Bokm\u00e4ssa \u00e4ger rum varje \u00e5r den tredje s\u00f6ndagen i november i S\u00f6dra Sk\u00e4rg\u00e5rden. Vi \u00e5terkommer med platsen f\u00f6r 2026 \u00e5rs bokm\u00e4ssa.","robots":{"index":"index","follow":"follow","max-snippet":"max-snippet:-1","max-image-preview":"max-image-preview:large","max-video-preview":"max-video-preview:-1"},"canonical":"https:\/\/www.skargardensbokmassa.se\/","og_locale":"sv_SE","og_type":"article","og_title":"4:e Sk\u00e4rg\u00e5rdens Bokm\u00e4ssa g\u00e5r av stapeln 15 november 2026 - Sk\u00e4rg\u00e5rdens Bokm\u00e4ssa","og_description":"Sk\u00e4rg\u00e5rdens Bokm\u00e4ssa \u00e4ger rum varje \u00e5r den tredje s\u00f6ndagen i november i S\u00f6dra Sk\u00e4rg\u00e5rden. Vi \u00e5terkommer med platsen f\u00f6r 2026 \u00e5rs bokm\u00e4ssa.","og_url":"https:\/\/www.skargardensbokmassa.se\/","og_site_name":"Sk\u00e4rg\u00e5rdens Bokm\u00e4ssa","article_modified_time":"2025-11-16T18:44:38+00:00","og_image":[{"width":1440,"height":2560,"url":"https:\/\/www.skargardensbokmassa.se\/wp-content\/uploads\/2025\/11\/IMG_2259.jpeg","type":"image\/jpeg"}],"twitter_card":"summary_large_image","twitter_misc":{"Ber\u00e4knad l\u00e4stid":"3 minuter"},"schema":{"@context":"https:\/\/schema.org","@graph":[{"@type":"WebPage","@id":"https:\/\/www.skargardensbokmassa.se\/","url":"https:\/\/www.skargardensbokmassa.se\/","name":"4:e Sk\u00e4rg\u00e5rdens Bokm\u00e4ssa g\u00e5r av stapeln 15 november 2026 - Sk\u00e4rg\u00e5rdens Bokm\u00e4ssa","isPartOf":{"@id":"https:\/\/www.skargardensbokmassa.se\/#website"},"primaryImageOfPage":{"@id":"https:\/\/www.skargardensbokmassa.se\/#primaryimage"},"image":{"@id":"https:\/\/www.skargardensbokmassa.se\/#primaryimage"},"thumbnailUrl":"https:\/\/www.skargardensbokmassa.se\/wp-content\/uploads\/2025\/11\/IMG_2259-576x1024.jpeg","datePublished":"2024-03-04T08:23:49+00:00","dateModified":"2025-11-16T18:44:38+00:00","description":"Sk\u00e4rg\u00e5rdens Bokm\u00e4ssa \u00e4ger rum varje \u00e5r den tredje s\u00f6ndagen i november i S\u00f6dra Sk\u00e4rg\u00e5rden. Vi \u00e5terkommer med platsen f\u00f6r 2026 \u00e5rs bokm\u00e4ssa.","breadcrumb":{"@id":"https:\/\/www.skargardensbokmassa.se\/#breadcrumb"},"inLanguage":"sv-SE","potentialAction":[{"@type":"ReadAction","target":["https:\/\/www.skargardensbokmassa.se\/"]}]},{"@type":"ImageObject","inLanguage":"sv-SE","@id":"https:\/\/www.skargardensbokmassa.se\/#primaryimage","url":"https:\/\/www.skargardensbokmassa.se\/wp-content\/uploads\/2025\/11\/IMG_2259.jpeg","contentUrl":"https:\/\/www.skargardensbokmassa.se\/wp-content\/uploads\/2025\/11\/IMG_2259.jpeg","width":1440,"height":2560},{"@type":"BreadcrumbList","@id":"https:\/\/www.skargardensbokmassa.se\/#breadcrumb","itemListElement":[{"@type":"ListItem","position":1,"name":"Home","item":"https:\/\/www.skargardensbokmassa.se\/"},{"@type":"ListItem","position":2,"name":"4:e Sk\u00e4rg\u00e5rdens Bokm\u00e4ssa g\u00e5r av stapeln 15 november 2026"}]},{"@type":"WebSite","@id":"https:\/\/www.skargardensbokmassa.se\/#website","url":"https:\/\/www.skargardensbokmassa.se\/","name":"Sk\u00e4rg\u00e5rdens Bokm\u00e4ssa","description":"\u00d6bornas egen bokm\u00e4ssa","publisher":{"@id":"https:\/\/www.skargardensbokmassa.se\/#organization"},"potentialAction":[{"@type":"SearchAction","target":{"@type":"EntryPoint","urlTemplate":"https:\/\/www.skargardensbokmassa.se\/?s={search_term_string}"},"query-input":{"@type":"PropertyValueSpecification","valueRequired":true,"valueName":"search_term_string"}}],"inLanguage":"sv-SE"},{"@type":"Organization","@id":"https:\/\/www.skargardensbokmassa.se\/#organization","name":"Sk\u00e4rg\u00e5rdens Bokm\u00e4ssa","url":"https:\/\/www.skargardensbokmassa.se\/","logo":{"@type":"ImageObject","inLanguage":"sv-SE","@id":"https:\/\/www.skargardensbokmassa.se\/#\/schema\/logo\/image\/","url":"https:\/\/www.skargardensbokmassa.se\/wp-content\/uploads\/2024\/02\/Skargardens-Bokmassa-LOGO-1024x1024.jpg","contentUrl":"https:\/\/www.skargardensbokmassa.se\/wp-content\/uploads\/2024\/02\/Skargardens-Bokmassa-LOGO-1024x1024.jpg","width":1024,"height":1024,"caption":"Sk\u00e4rg\u00e5rdens Bokm\u00e4ssa"},"image":{"@id":"https:\/\/www.skargardensbokmassa.se\/#\/schema\/logo\/image\/"}}]}},"_links":{"self":[{"href":"https:\/\/www.skargardensbokmassa.se\/index.php?rest_route=\/wp\/v2\/pages\/133","targetHints":{"allow":["GET"]}}],"collection":[{"href":"https:\/\/www.skargardensbokmassa.se\/index.php?rest_route=\/wp\/v2\/pages"}],"about":[{"href":"https:\/\/www.skargardensbokmassa.se\/index.php?rest_route=\/wp\/v2\/types\/page"}],"author":[{"embeddable":true,"href":"https:\/\/www.skargardensbokmassa.se\/index.php?rest_route=\/wp\/v2\/users\/1"}],"replies":[{"embeddable":true,"href":"https:\/\/www.skargardensbokmassa.se\/index.php?rest_route=%2Fwp%2Fv2%2Fcomments&post=133"}],"version-history":[{"count":5,"href":"https:\/\/www.skargardensbokmassa.se\/index.php?rest_route=\/wp\/v2\/pages\/133\/revisions"}],"predecessor-version":[{"id":589,"href":"https:\/\/www.skargardensbokmassa.se\/index.php?rest_route=\/wp\/v2\/pages\/133\/revisions\/589"}],"wp:attachment":[{"href":"https:\/\/www.skargardensbokmassa.se\/index.php?rest_route=%2Fwp%2Fv2%2Fmedia&parent=133"}],"curies":[{"name":"wp","href":"https:\/\/api.w.org\/{rel}","templated":true}]}}