{"id":157,"date":"2024-05-16T15:00:00","date_gmt":"2024-05-16T13:00:00","guid":{"rendered":"https:\/\/www.skargardensbokmassa.se\/?page_id=157"},"modified":"2026-01-25T18:24:41","modified_gmt":"2026-01-25T17:24:41","slug":"utstallarinfo","status":"publish","type":"page","link":"https:\/\/www.skargardensbokmassa.se\/?page_id=157","title":{"rendered":"Utst\u00e4llaranm\u00e4lan"},"content":{"rendered":"<div class=\"wp-block-image\">\n<figure class=\"alignleft size-large is-resized\"><a href=\"https:\/\/www.skargardensbokmassa.se\/wp-content\/uploads\/2025\/09\/Skargardens-Bokmassa-Deltagarmanual.pdf\" target=\"_blank\" rel=\" noreferrer noopener\"><img loading=\"lazy\" decoding=\"async\" width=\"1024\" height=\"828\" src=\"https:\/\/www.skargardensbokmassa.se\/wp-content\/uploads\/2025\/06\/Screenshot-2025-06-10-at-14.55.26-1024x828.jpg\" alt=\"\" class=\"wp-image-418\" style=\"width:498px;height:auto\" srcset=\"https:\/\/www.skargardensbokmassa.se\/wp-content\/uploads\/2025\/06\/Screenshot-2025-06-10-at-14.55.26-1024x828.jpg 1024w, https:\/\/www.skargardensbokmassa.se\/wp-content\/uploads\/2025\/06\/Screenshot-2025-06-10-at-14.55.26-300x243.jpg 300w, https:\/\/www.skargardensbokmassa.se\/wp-content\/uploads\/2025\/06\/Screenshot-2025-06-10-at-14.55.26-768x621.jpg 768w, https:\/\/www.skargardensbokmassa.se\/wp-content\/uploads\/2025\/06\/Screenshot-2025-06-10-at-14.55.26-1536x1242.jpg 1536w, https:\/\/www.skargardensbokmassa.se\/wp-content\/uploads\/2025\/06\/Screenshot-2025-06-10-at-14.55.26-2048x1657.jpg 2048w\" sizes=\"auto, (max-width: 1024px) 100vw, 1024px\" \/><\/a><\/figure>\n<\/div>\n\n\n<p>V\u00e4lkommen som utst\u00e4llare p\u00e5 Sk\u00e4rg\u00e5rdens Bokm\u00e4ssa.<\/p>\n\n\n\n<p class=\"has-vivid-red-color has-text-color has-link-color wp-elements-df81e44e5ff444b687181471c6dda285\"><strong>Den 15 november 2026 g\u00e5r fj\u00e4rde upplaga av bokm\u00e4ssan i sk\u00e4rg\u00e5rden av stapeln.<\/strong><\/p>\n\n\n\n<p>Ladda g\u00e4rna ner fjol\u00e5rets <a href=\"https:\/\/www.skargardensbokmassa.se\/wp-content\/uploads\/2025\/09\/Skargardens-Bokmassa-Deltagarmanual.pdf\" target=\"_blank\" rel=\"noreferrer noopener\">utst\u00e4llarhandbok<\/a> f\u00e5r att f\u00e5 ett hum om hur det brukar g\u00e5 till. <span style=\"text-decoration: underline;\">L\u00e4s noga<\/span> och begrunda innan du skickar ett mail. Handboken inneh\u00e5ller svaren p\u00e5 de allra flesta fr\u00e5gor. Om just din fr\u00e5ga inte \u00e4r med \u00e4r du f\u00f6rst\u00e5s v\u00e4lkommen att <a href=\"mailto:info@skargardensbokmassa.se\">h\u00f6ra av dig till oss<\/a>.<\/p>\n\n\n\n<p>I b\u00f6rjan av sommaren (r\u00e4kna med tidigast v. 24) kommer vi att \u00f6ppna upp anm\u00e4lan f\u00f6r \u00e5rets bokm\u00e4ssa. F\u00f6r att f\u00e5 en ett varierat utbud till v\u00e5ra bes\u00f6kare f\u00e5r nya f\u00f6rfattare (som \u00e4nnu inte varit med) f\u00f6rtur. Efter att de haft n\u00e5gr dagar p\u00e5 sig \u00f6ppnar vi upp f\u00f6r alla andra att ocks\u00e5 anm\u00e4la sig. Det brukar l\u00f6sa sig, s\u00e5 var inte orolig.<\/p>\n\n\n\n<p>\u00c4r du redan nu intresserad, skicka ett kort <a href=\"mailto:info@skargardensbokmassa.se\" type=\"mailto\" id=\"mailto:\" rel=\"nofollow\">meddelande<\/a> s\u00e5 l\u00e4gger vi till dig p\u00e5 utskickslistan s\u00e5 att du f\u00e5r inbjudan direkt n\u00e4r vi \u00f6ppnar upp.<\/p>\n\n\n\n<p><\/p>\n","protected":false},"excerpt":{"rendered":"<p>V\u00e4lkommen som utst\u00e4llare p\u00e5 Sk\u00e4rg\u00e5rdens Bokm\u00e4ssa. Den 15 november 2026 g\u00e5r fj\u00e4rde upplaga av bokm\u00e4ssan i sk\u00e4rg\u00e5rden av stapeln. Ladda g\u00e4rna ner fjol\u00e5rets utst\u00e4llarhandbok f\u00e5r att f\u00e5 ett hum om hur det brukar g\u00e5 till. L\u00e4s noga och begrunda innan du skickar ett mail. Handboken inneh\u00e5ller svaren p\u00e5 de allra flesta fr\u00e5gor. Om just din [&hellip;]<\/p>\n","protected":false},"author":1,"featured_media":0,"parent":0,"menu_order":0,"comment_status":"closed","ping_status":"closed","template":"","meta":{"footnotes":""},"class_list":["post-157","page","type-page","status-publish","hentry"],"yoast_head":"<!-- This site is optimized with the Yoast SEO plugin v27.4 - https:\/\/yoast.com\/product\/yoast-seo-wordpress\/ -->\n<title>Utst\u00e4llaranm\u00e4lan - Sk\u00e4rg\u00e5rdens Bokm\u00e4ssa<\/title>\n<meta name=\"description\" content=\"Anv\u00e4nd formul\u00e4ret f\u00f6r att anm\u00e4la dig till \u00e5rets bokm\u00e4ssa.\" \/>\n<meta name=\"robots\" content=\"index, follow, max-snippet:-1, max-image-preview:large, max-video-preview:-1\" \/>\n<link rel=\"canonical\" href=\"https:\/\/www.skargardensbokmassa.se\/?page_id=157\" \/>\n<meta property=\"og:locale\" content=\"sv_SE\" \/>\n<meta property=\"og:type\" content=\"article\" \/>\n<meta property=\"og:title\" content=\"Utst\u00e4llaranm\u00e4lan - Sk\u00e4rg\u00e5rdens Bokm\u00e4ssa\" \/>\n<meta property=\"og:description\" content=\"Anv\u00e4nd formul\u00e4ret f\u00f6r att anm\u00e4la dig till \u00e5rets bokm\u00e4ssa.\" \/>\n<meta property=\"og:url\" content=\"https:\/\/www.skargardensbokmassa.se\/?page_id=157\" \/>\n<meta property=\"og:site_name\" content=\"Sk\u00e4rg\u00e5rdens Bokm\u00e4ssa\" \/>\n<meta property=\"article:modified_time\" content=\"2026-01-25T17:24:41+00:00\" \/>\n<meta property=\"og:image\" content=\"https:\/\/www.skargardensbokmassa.se\/wp-content\/uploads\/2025\/06\/Screenshot-2025-06-10-at-14.55.26.jpg\" \/>\n\t<meta property=\"og:image:width\" content=\"2198\" \/>\n\t<meta property=\"og:image:height\" content=\"1778\" \/>\n\t<meta property=\"og:image:type\" content=\"image\/jpeg\" \/>\n<meta name=\"twitter:card\" content=\"summary_large_image\" \/>\n<meta name=\"twitter:label1\" content=\"Ber\u00e4knad l\u00e4stid\" \/>\n\t<meta name=\"twitter:data1\" content=\"1 minut\" \/>\n<script type=\"application\/ld+json\" class=\"yoast-schema-graph\">{\"@context\":\"https:\\\/\\\/schema.org\",\"@graph\":[{\"@type\":\"WebPage\",\"@id\":\"https:\\\/\\\/www.skargardensbokmassa.se\\\/?page_id=157\",\"url\":\"https:\\\/\\\/www.skargardensbokmassa.se\\\/?page_id=157\",\"name\":\"Utst\u00e4llaranm\u00e4lan - Sk\u00e4rg\u00e5rdens Bokm\u00e4ssa\",\"isPartOf\":{\"@id\":\"https:\\\/\\\/www.skargardensbokmassa.se\\\/#website\"},\"primaryImageOfPage\":{\"@id\":\"https:\\\/\\\/www.skargardensbokmassa.se\\\/?page_id=157#primaryimage\"},\"image\":{\"@id\":\"https:\\\/\\\/www.skargardensbokmassa.se\\\/?page_id=157#primaryimage\"},\"thumbnailUrl\":\"https:\\\/\\\/www.skargardensbokmassa.se\\\/wp-content\\\/uploads\\\/2025\\\/06\\\/Screenshot-2025-06-10-at-14.55.26-1024x828.jpg\",\"datePublished\":\"2024-05-16T13:00:00+00:00\",\"dateModified\":\"2026-01-25T17:24:41+00:00\",\"description\":\"Anv\u00e4nd formul\u00e4ret f\u00f6r att anm\u00e4la dig till \u00e5rets bokm\u00e4ssa.\",\"breadcrumb\":{\"@id\":\"https:\\\/\\\/www.skargardensbokmassa.se\\\/?page_id=157#breadcrumb\"},\"inLanguage\":\"sv-SE\",\"potentialAction\":[{\"@type\":\"ReadAction\",\"target\":[\"https:\\\/\\\/www.skargardensbokmassa.se\\\/?page_id=157\"]}]},{\"@type\":\"ImageObject\",\"inLanguage\":\"sv-SE\",\"@id\":\"https:\\\/\\\/www.skargardensbokmassa.se\\\/?page_id=157#primaryimage\",\"url\":\"https:\\\/\\\/www.skargardensbokmassa.se\\\/wp-content\\\/uploads\\\/2025\\\/06\\\/Screenshot-2025-06-10-at-14.55.26.jpg\",\"contentUrl\":\"https:\\\/\\\/www.skargardensbokmassa.se\\\/wp-content\\\/uploads\\\/2025\\\/06\\\/Screenshot-2025-06-10-at-14.55.26.jpg\",\"width\":2198,\"height\":1778},{\"@type\":\"BreadcrumbList\",\"@id\":\"https:\\\/\\\/www.skargardensbokmassa.se\\\/?page_id=157#breadcrumb\",\"itemListElement\":[{\"@type\":\"ListItem\",\"position\":1,\"name\":\"Home\",\"item\":\"https:\\\/\\\/www.skargardensbokmassa.se\\\/\"},{\"@type\":\"ListItem\",\"position\":2,\"name\":\"Utst\u00e4llaranm\u00e4lan\"}]},{\"@type\":\"WebSite\",\"@id\":\"https:\\\/\\\/www.skargardensbokmassa.se\\\/#website\",\"url\":\"https:\\\/\\\/www.skargardensbokmassa.se\\\/\",\"name\":\"Sk\u00e4rg\u00e5rdens Bokm\u00e4ssa\",\"description\":\"\u00d6bornas egen bokm\u00e4ssa\",\"publisher\":{\"@id\":\"https:\\\/\\\/www.skargardensbokmassa.se\\\/#organization\"},\"potentialAction\":[{\"@type\":\"SearchAction\",\"target\":{\"@type\":\"EntryPoint\",\"urlTemplate\":\"https:\\\/\\\/www.skargardensbokmassa.se\\\/?s={search_term_string}\"},\"query-input\":{\"@type\":\"PropertyValueSpecification\",\"valueRequired\":true,\"valueName\":\"search_term_string\"}}],\"inLanguage\":\"sv-SE\"},{\"@type\":\"Organization\",\"@id\":\"https:\\\/\\\/www.skargardensbokmassa.se\\\/#organization\",\"name\":\"Sk\u00e4rg\u00e5rdens Bokm\u00e4ssa\",\"url\":\"https:\\\/\\\/www.skargardensbokmassa.se\\\/\",\"logo\":{\"@type\":\"ImageObject\",\"inLanguage\":\"sv-SE\",\"@id\":\"https:\\\/\\\/www.skargardensbokmassa.se\\\/#\\\/schema\\\/logo\\\/image\\\/\",\"url\":\"https:\\\/\\\/www.skargardensbokmassa.se\\\/wp-content\\\/uploads\\\/2024\\\/02\\\/Skargardens-Bokmassa-LOGO-1024x1024.jpg\",\"contentUrl\":\"https:\\\/\\\/www.skargardensbokmassa.se\\\/wp-content\\\/uploads\\\/2024\\\/02\\\/Skargardens-Bokmassa-LOGO-1024x1024.jpg\",\"width\":1024,\"height\":1024,\"caption\":\"Sk\u00e4rg\u00e5rdens Bokm\u00e4ssa\"},\"image\":{\"@id\":\"https:\\\/\\\/www.skargardensbokmassa.se\\\/#\\\/schema\\\/logo\\\/image\\\/\"}}]}<\/script>\n<!-- \/ Yoast SEO plugin. -->","yoast_head_json":{"title":"Utst\u00e4llaranm\u00e4lan - Sk\u00e4rg\u00e5rdens Bokm\u00e4ssa","description":"Anv\u00e4nd formul\u00e4ret f\u00f6r att anm\u00e4la dig till \u00e5rets bokm\u00e4ssa.","robots":{"index":"index","follow":"follow","max-snippet":"max-snippet:-1","max-image-preview":"max-image-preview:large","max-video-preview":"max-video-preview:-1"},"canonical":"https:\/\/www.skargardensbokmassa.se\/?page_id=157","og_locale":"sv_SE","og_type":"article","og_title":"Utst\u00e4llaranm\u00e4lan - Sk\u00e4rg\u00e5rdens Bokm\u00e4ssa","og_description":"Anv\u00e4nd formul\u00e4ret f\u00f6r att anm\u00e4la dig till \u00e5rets bokm\u00e4ssa.","og_url":"https:\/\/www.skargardensbokmassa.se\/?page_id=157","og_site_name":"Sk\u00e4rg\u00e5rdens Bokm\u00e4ssa","article_modified_time":"2026-01-25T17:24:41+00:00","og_image":[{"width":2198,"height":1778,"url":"https:\/\/www.skargardensbokmassa.se\/wp-content\/uploads\/2025\/06\/Screenshot-2025-06-10-at-14.55.26.jpg","type":"image\/jpeg"}],"twitter_card":"summary_large_image","twitter_misc":{"Ber\u00e4knad l\u00e4stid":"1 minut"},"schema":{"@context":"https:\/\/schema.org","@graph":[{"@type":"WebPage","@id":"https:\/\/www.skargardensbokmassa.se\/?page_id=157","url":"https:\/\/www.skargardensbokmassa.se\/?page_id=157","name":"Utst\u00e4llaranm\u00e4lan - Sk\u00e4rg\u00e5rdens Bokm\u00e4ssa","isPartOf":{"@id":"https:\/\/www.skargardensbokmassa.se\/#website"},"primaryImageOfPage":{"@id":"https:\/\/www.skargardensbokmassa.se\/?page_id=157#primaryimage"},"image":{"@id":"https:\/\/www.skargardensbokmassa.se\/?page_id=157#primaryimage"},"thumbnailUrl":"https:\/\/www.skargardensbokmassa.se\/wp-content\/uploads\/2025\/06\/Screenshot-2025-06-10-at-14.55.26-1024x828.jpg","datePublished":"2024-05-16T13:00:00+00:00","dateModified":"2026-01-25T17:24:41+00:00","description":"Anv\u00e4nd formul\u00e4ret f\u00f6r att anm\u00e4la dig till \u00e5rets bokm\u00e4ssa.","breadcrumb":{"@id":"https:\/\/www.skargardensbokmassa.se\/?page_id=157#breadcrumb"},"inLanguage":"sv-SE","potentialAction":[{"@type":"ReadAction","target":["https:\/\/www.skargardensbokmassa.se\/?page_id=157"]}]},{"@type":"ImageObject","inLanguage":"sv-SE","@id":"https:\/\/www.skargardensbokmassa.se\/?page_id=157#primaryimage","url":"https:\/\/www.skargardensbokmassa.se\/wp-content\/uploads\/2025\/06\/Screenshot-2025-06-10-at-14.55.26.jpg","contentUrl":"https:\/\/www.skargardensbokmassa.se\/wp-content\/uploads\/2025\/06\/Screenshot-2025-06-10-at-14.55.26.jpg","width":2198,"height":1778},{"@type":"BreadcrumbList","@id":"https:\/\/www.skargardensbokmassa.se\/?page_id=157#breadcrumb","itemListElement":[{"@type":"ListItem","position":1,"name":"Home","item":"https:\/\/www.skargardensbokmassa.se\/"},{"@type":"ListItem","position":2,"name":"Utst\u00e4llaranm\u00e4lan"}]},{"@type":"WebSite","@id":"https:\/\/www.skargardensbokmassa.se\/#website","url":"https:\/\/www.skargardensbokmassa.se\/","name":"Sk\u00e4rg\u00e5rdens Bokm\u00e4ssa","description":"\u00d6bornas egen bokm\u00e4ssa","publisher":{"@id":"https:\/\/www.skargardensbokmassa.se\/#organization"},"potentialAction":[{"@type":"SearchAction","target":{"@type":"EntryPoint","urlTemplate":"https:\/\/www.skargardensbokmassa.se\/?s={search_term_string}"},"query-input":{"@type":"PropertyValueSpecification","valueRequired":true,"valueName":"search_term_string"}}],"inLanguage":"sv-SE"},{"@type":"Organization","@id":"https:\/\/www.skargardensbokmassa.se\/#organization","name":"Sk\u00e4rg\u00e5rdens Bokm\u00e4ssa","url":"https:\/\/www.skargardensbokmassa.se\/","logo":{"@type":"ImageObject","inLanguage":"sv-SE","@id":"https:\/\/www.skargardensbokmassa.se\/#\/schema\/logo\/image\/","url":"https:\/\/www.skargardensbokmassa.se\/wp-content\/uploads\/2024\/02\/Skargardens-Bokmassa-LOGO-1024x1024.jpg","contentUrl":"https:\/\/www.skargardensbokmassa.se\/wp-content\/uploads\/2024\/02\/Skargardens-Bokmassa-LOGO-1024x1024.jpg","width":1024,"height":1024,"caption":"Sk\u00e4rg\u00e5rdens Bokm\u00e4ssa"},"image":{"@id":"https:\/\/www.skargardensbokmassa.se\/#\/schema\/logo\/image\/"}}]}},"_links":{"self":[{"href":"https:\/\/www.skargardensbokmassa.se\/index.php?rest_route=\/wp\/v2\/pages\/157","targetHints":{"allow":["GET"]}}],"collection":[{"href":"https:\/\/www.skargardensbokmassa.se\/index.php?rest_route=\/wp\/v2\/pages"}],"about":[{"href":"https:\/\/www.skargardensbokmassa.se\/index.php?rest_route=\/wp\/v2\/types\/page"}],"author":[{"embeddable":true,"href":"https:\/\/www.skargardensbokmassa.se\/index.php?rest_route=\/wp\/v2\/users\/1"}],"replies":[{"embeddable":true,"href":"https:\/\/www.skargardensbokmassa.se\/index.php?rest_route=%2Fwp%2Fv2%2Fcomments&post=157"}],"version-history":[{"count":5,"href":"https:\/\/www.skargardensbokmassa.se\/index.php?rest_route=\/wp\/v2\/pages\/157\/revisions"}],"predecessor-version":[{"id":592,"href":"https:\/\/www.skargardensbokmassa.se\/index.php?rest_route=\/wp\/v2\/pages\/157\/revisions\/592"}],"wp:attachment":[{"href":"https:\/\/www.skargardensbokmassa.se\/index.php?rest_route=%2Fwp%2Fv2%2Fmedia&parent=157"}],"curies":[{"name":"wp","href":"https:\/\/api.w.org\/{rel}","templated":true}]}}