{"id":28,"date":"2024-02-17T16:30:28","date_gmt":"2024-02-17T15:30:28","guid":{"rendered":"https:\/\/www.skargardensbokmassa.se\/?page_id=28"},"modified":"2026-05-02T11:34:46","modified_gmt":"2026-05-02T09:34:46","slug":"om-oss","status":"publish","type":"page","link":"https:\/\/www.skargardensbokmassa.se\/?page_id=28","title":{"rendered":"Historien bakom Sk\u00e4rg\u00e5rdens Bokm\u00e4ssa"},"content":{"rendered":"\n<p>Sk\u00e4rg\u00e5rdens Bokm\u00e4ssa har ingen l\u00e5ng historia, \u00e4n, men den \u00e4r annorlunda! En s\u00f6ndag eftermiddag i Monica Lindebergs tr\u00e4dg\u00e5rd hade medlemmar i\u00a0Styrs\u00f6 Konstrunda\u00a0samlats f\u00f6r att utv\u00e4rdera \u00e5rets Konstrunda-helg. Av n\u00e5gon anledning pratade vi om hur sv\u00e5rt det \u00e4r att s\u00e4lja och prata om b\u00f6cker p\u00e5 en &#8221;konst&#8221;runda. N\u00e5gon fr\u00e5gade om det fanns en bokm\u00e4ssa p\u00e5 \u00f6arna. Dagen var den 17 september 2023. Eva Rehbinder och\u00a0Hans M\u00a0Hirschi, tv\u00e5 f\u00f6rfattare som var med p\u00e5 Konstrundan, tittade p\u00e5 varandra och kom fram till samma tanke. F\u00f6r att parafera nestorn Astrid Lindgren, &#8221;N\u00e4r tv\u00e5 f\u00f6rfattare av samma skrot och korn m\u00f6ts, ja, d\u00e5 t\u00e4nds d\u00e4r liksom ett ljus i deras \u00f6gon!&#8221; 48 timmar senare hade ett dussintal f\u00f6rfattare anm\u00e4lt sig. P\u00e5 dagen tv\u00e5 m\u00e5nader senare \u00f6ppnade vi portarna till den f\u00f6rsta Bokm\u00e4ssan i S\u00f6dra Sk\u00e4rg\u00e5rden.<\/p>\n\n\n\n<p>Ja, det var precis s\u00e5 galet! Och precis s\u00e5 roligt.<\/p>\n\n\n\n<p>Eva och Hans m\u00e5 ha grundat Sk\u00e4rg\u00e5rdens Bokm\u00e4ssa, men det \u00e4r deras familjer, v\u00e4nner, f\u00f6rfattare och bes\u00f6kare som s\u00e5g till att till att bokm\u00e4ssan blev en braksucc\u00e9. <\/p>\n\n\n\n<p>N\u00e4r Eva best\u00e4mt sig f\u00f6r att g\u00f6ra n\u00e5got annat i livet ansl\u00f6t Christer Carlsson, Monica Lindeberg, Viktoria Wallner och Alex Hirschi, som i tv\u00e5 \u00e5r utgjort gruppen som ordnat Sk\u00e4rg\u00e5rdens Bokm\u00e4ssa. En g\u00e5ng \u00e4r ingen g\u00e5ng s\u00e4ger man, medan tv\u00e5 g\u00e5nger \u00e4r en tradition. Inf\u00f6r bokm\u00e4ssan 2026 har Christer Carlsson l\u00e4mnat organisationskommitt\u00e9n, och vi tackar Christer hj\u00e4rtligt f\u00f6r hans insatser. \u00c5 andra sidan v\u00e4lkomnar vi Jenny H\u00f6gstr\u00f6m som en av organisat\u00f6rerna. Vi planerar redan \u00e5rets evenemang och \u00e4r glada f\u00f6r att v\u00e5r lilla bokm\u00e4ssa \u00e4r n\u00e5got som \u00f6borna b\u00f6rjar se fram emot varje h\u00f6st. Bara en s\u00e5n sak! Det f\u00f6rpliktigar f\u00f6rst\u00e5s.<\/p>\n\n\n\n<figure class=\"wp-block-image size-large is-resized\"><img loading=\"lazy\" decoding=\"async\" width=\"1024\" height=\"530\" src=\"https:\/\/www.skargardensbokmassa.se\/wp-content\/uploads\/2024\/03\/Eva-och-jag-1-1024x530.jpg\" alt=\"\" class=\"wp-image-150\" style=\"width:560px;height:auto\" srcset=\"https:\/\/www.skargardensbokmassa.se\/wp-content\/uploads\/2024\/03\/Eva-och-jag-1-1024x530.jpg 1024w, https:\/\/www.skargardensbokmassa.se\/wp-content\/uploads\/2024\/03\/Eva-och-jag-1-300x155.jpg 300w, https:\/\/www.skargardensbokmassa.se\/wp-content\/uploads\/2024\/03\/Eva-och-jag-1-768x398.jpg 768w, https:\/\/www.skargardensbokmassa.se\/wp-content\/uploads\/2024\/03\/Eva-och-jag-1-1536x795.jpg 1536w, https:\/\/www.skargardensbokmassa.se\/wp-content\/uploads\/2024\/03\/Eva-och-jag-1.jpg 1932w\" sizes=\"auto, (max-width: 1024px) 100vw, 1024px\" \/><\/figure>\n\n\n\n<p>Sk\u00e4rg\u00e5rdens Bokm\u00e4ssa genomf\u00f6rdes 2024 med bidrag fr\u00e5n Kulturf\u00f6rvaltningen, G\u00f6teborgs Stad<\/p>\n\n\n\n<figure class=\"wp-block-image size-full is-resized\"><img loading=\"lazy\" decoding=\"async\" width=\"850\" height=\"380\" src=\"https:\/\/www.skargardensbokmassa.se\/wp-content\/uploads\/2024\/03\/gbg_li_rgb.png\" alt=\"\" class=\"wp-image-152\" style=\"width:273px;height:auto\" srcset=\"https:\/\/www.skargardensbokmassa.se\/wp-content\/uploads\/2024\/03\/gbg_li_rgb.png 850w, https:\/\/www.skargardensbokmassa.se\/wp-content\/uploads\/2024\/03\/gbg_li_rgb-300x134.png 300w, https:\/\/www.skargardensbokmassa.se\/wp-content\/uploads\/2024\/03\/gbg_li_rgb-768x343.png 768w\" sizes=\"auto, (max-width: 850px) 100vw, 850px\" \/><\/figure>\n","protected":false},"excerpt":{"rendered":"<p>Sk\u00e4rg\u00e5rdens Bokm\u00e4ssa har ingen l\u00e5ng historia, \u00e4n, men den \u00e4r annorlunda! En s\u00f6ndag eftermiddag i Monica Lindebergs tr\u00e4dg\u00e5rd hade medlemmar i\u00a0Styrs\u00f6 Konstrunda\u00a0samlats f\u00f6r att utv\u00e4rdera \u00e5rets Konstrunda-helg. Av n\u00e5gon anledning pratade vi om hur sv\u00e5rt det \u00e4r att s\u00e4lja och prata om b\u00f6cker p\u00e5 en &#8221;konst&#8221;runda. N\u00e5gon fr\u00e5gade om det fanns en bokm\u00e4ssa p\u00e5 \u00f6arna. [&hellip;]<\/p>\n","protected":false},"author":1,"featured_media":0,"parent":0,"menu_order":0,"comment_status":"closed","ping_status":"closed","template":"","meta":{"footnotes":""},"class_list":["post-28","page","type-page","status-publish","hentry"],"yoast_head":"<!-- This site is optimized with the Yoast SEO plugin v27.6 - https:\/\/yoast.com\/product\/yoast-seo-wordpress\/ -->\n<title>Historien bakom Sk\u00e4rg\u00e5rdens Bokm\u00e4ssa - Sk\u00e4rg\u00e5rdens Bokm\u00e4ssa<\/title>\n<meta name=\"description\" content=\"L\u00e4r dig lite mer om historien bakom Sk\u00e4rg\u00e5rdens Bokm\u00e4ssa och de tv\u00e5 eldsj\u00e4lar som drog ig\u00e5ng alltihopa. I \u00e5r blir det andra m\u00e4ssan!\" \/>\n<meta name=\"robots\" content=\"index, follow, max-snippet:-1, max-image-preview:large, max-video-preview:-1\" \/>\n<link rel=\"canonical\" href=\"https:\/\/www.skargardensbokmassa.se\/?page_id=28\" \/>\n<meta property=\"og:locale\" content=\"sv_SE\" \/>\n<meta property=\"og:type\" content=\"article\" \/>\n<meta property=\"og:title\" content=\"Historien bakom Sk\u00e4rg\u00e5rdens Bokm\u00e4ssa - Sk\u00e4rg\u00e5rdens Bokm\u00e4ssa\" \/>\n<meta property=\"og:description\" content=\"L\u00e4r dig lite mer om historien bakom Sk\u00e4rg\u00e5rdens Bokm\u00e4ssa och de tv\u00e5 eldsj\u00e4lar som drog ig\u00e5ng alltihopa. I \u00e5r blir det andra m\u00e4ssan!\" \/>\n<meta property=\"og:url\" content=\"https:\/\/www.skargardensbokmassa.se\/?page_id=28\" \/>\n<meta property=\"og:site_name\" content=\"Sk\u00e4rg\u00e5rdens Bokm\u00e4ssa\" \/>\n<meta property=\"article:modified_time\" content=\"2026-05-02T09:34:46+00:00\" \/>\n<meta property=\"og:image\" content=\"https:\/\/www.skargardensbokmassa.se\/wp-content\/uploads\/2024\/03\/Eva-och-jag-1.jpg\" \/>\n\t<meta property=\"og:image:width\" content=\"1932\" \/>\n\t<meta property=\"og:image:height\" content=\"1000\" \/>\n\t<meta property=\"og:image:type\" content=\"image\/jpeg\" \/>\n<meta name=\"twitter:card\" content=\"summary_large_image\" \/>\n<meta name=\"twitter:label1\" content=\"Ber\u00e4knad l\u00e4stid\" \/>\n\t<meta name=\"twitter:data1\" content=\"2 minuter\" \/>\n<script type=\"application\/ld+json\" class=\"yoast-schema-graph\">{\"@context\":\"https:\\\/\\\/schema.org\",\"@graph\":[{\"@type\":\"WebPage\",\"@id\":\"https:\\\/\\\/www.skargardensbokmassa.se\\\/?page_id=28\",\"url\":\"https:\\\/\\\/www.skargardensbokmassa.se\\\/?page_id=28\",\"name\":\"Historien bakom Sk\u00e4rg\u00e5rdens Bokm\u00e4ssa - Sk\u00e4rg\u00e5rdens Bokm\u00e4ssa\",\"isPartOf\":{\"@id\":\"https:\\\/\\\/www.skargardensbokmassa.se\\\/#website\"},\"primaryImageOfPage\":{\"@id\":\"https:\\\/\\\/www.skargardensbokmassa.se\\\/?page_id=28#primaryimage\"},\"image\":{\"@id\":\"https:\\\/\\\/www.skargardensbokmassa.se\\\/?page_id=28#primaryimage\"},\"thumbnailUrl\":\"https:\\\/\\\/www.skargardensbokmassa.se\\\/wp-content\\\/uploads\\\/2024\\\/03\\\/Eva-och-jag-1-1024x530.jpg\",\"datePublished\":\"2024-02-17T15:30:28+00:00\",\"dateModified\":\"2026-05-02T09:34:46+00:00\",\"description\":\"L\u00e4r dig lite mer om historien bakom Sk\u00e4rg\u00e5rdens Bokm\u00e4ssa och de tv\u00e5 eldsj\u00e4lar som drog ig\u00e5ng alltihopa. I \u00e5r blir det andra m\u00e4ssan!\",\"breadcrumb\":{\"@id\":\"https:\\\/\\\/www.skargardensbokmassa.se\\\/?page_id=28#breadcrumb\"},\"inLanguage\":\"sv-SE\",\"potentialAction\":[{\"@type\":\"ReadAction\",\"target\":[\"https:\\\/\\\/www.skargardensbokmassa.se\\\/?page_id=28\"]}]},{\"@type\":\"ImageObject\",\"inLanguage\":\"sv-SE\",\"@id\":\"https:\\\/\\\/www.skargardensbokmassa.se\\\/?page_id=28#primaryimage\",\"url\":\"https:\\\/\\\/www.skargardensbokmassa.se\\\/wp-content\\\/uploads\\\/2024\\\/03\\\/Eva-och-jag-1.jpg\",\"contentUrl\":\"https:\\\/\\\/www.skargardensbokmassa.se\\\/wp-content\\\/uploads\\\/2024\\\/03\\\/Eva-och-jag-1.jpg\",\"width\":1932,\"height\":1000},{\"@type\":\"BreadcrumbList\",\"@id\":\"https:\\\/\\\/www.skargardensbokmassa.se\\\/?page_id=28#breadcrumb\",\"itemListElement\":[{\"@type\":\"ListItem\",\"position\":1,\"name\":\"Home\",\"item\":\"https:\\\/\\\/www.skargardensbokmassa.se\\\/\"},{\"@type\":\"ListItem\",\"position\":2,\"name\":\"Historien bakom Sk\u00e4rg\u00e5rdens Bokm\u00e4ssa\"}]},{\"@type\":\"WebSite\",\"@id\":\"https:\\\/\\\/www.skargardensbokmassa.se\\\/#website\",\"url\":\"https:\\\/\\\/www.skargardensbokmassa.se\\\/\",\"name\":\"Sk\u00e4rg\u00e5rdens Bokm\u00e4ssa\",\"description\":\"\u00d6bornas egen bokm\u00e4ssa\",\"publisher\":{\"@id\":\"https:\\\/\\\/www.skargardensbokmassa.se\\\/#organization\"},\"potentialAction\":[{\"@type\":\"SearchAction\",\"target\":{\"@type\":\"EntryPoint\",\"urlTemplate\":\"https:\\\/\\\/www.skargardensbokmassa.se\\\/?s={search_term_string}\"},\"query-input\":{\"@type\":\"PropertyValueSpecification\",\"valueRequired\":true,\"valueName\":\"search_term_string\"}}],\"inLanguage\":\"sv-SE\"},{\"@type\":\"Organization\",\"@id\":\"https:\\\/\\\/www.skargardensbokmassa.se\\\/#organization\",\"name\":\"Sk\u00e4rg\u00e5rdens Bokm\u00e4ssa\",\"url\":\"https:\\\/\\\/www.skargardensbokmassa.se\\\/\",\"logo\":{\"@type\":\"ImageObject\",\"inLanguage\":\"sv-SE\",\"@id\":\"https:\\\/\\\/www.skargardensbokmassa.se\\\/#\\\/schema\\\/logo\\\/image\\\/\",\"url\":\"https:\\\/\\\/www.skargardensbokmassa.se\\\/wp-content\\\/uploads\\\/2024\\\/02\\\/Skargardens-Bokmassa-LOGO-1024x1024.jpg\",\"contentUrl\":\"https:\\\/\\\/www.skargardensbokmassa.se\\\/wp-content\\\/uploads\\\/2024\\\/02\\\/Skargardens-Bokmassa-LOGO-1024x1024.jpg\",\"width\":1024,\"height\":1024,\"caption\":\"Sk\u00e4rg\u00e5rdens Bokm\u00e4ssa\"},\"image\":{\"@id\":\"https:\\\/\\\/www.skargardensbokmassa.se\\\/#\\\/schema\\\/logo\\\/image\\\/\"}}]}<\/script>\n<!-- \/ Yoast SEO plugin. -->","yoast_head_json":{"title":"Historien bakom Sk\u00e4rg\u00e5rdens Bokm\u00e4ssa - Sk\u00e4rg\u00e5rdens Bokm\u00e4ssa","description":"L\u00e4r dig lite mer om historien bakom Sk\u00e4rg\u00e5rdens Bokm\u00e4ssa och de tv\u00e5 eldsj\u00e4lar som drog ig\u00e5ng alltihopa. I \u00e5r blir det andra m\u00e4ssan!","robots":{"index":"index","follow":"follow","max-snippet":"max-snippet:-1","max-image-preview":"max-image-preview:large","max-video-preview":"max-video-preview:-1"},"canonical":"https:\/\/www.skargardensbokmassa.se\/?page_id=28","og_locale":"sv_SE","og_type":"article","og_title":"Historien bakom Sk\u00e4rg\u00e5rdens Bokm\u00e4ssa - Sk\u00e4rg\u00e5rdens Bokm\u00e4ssa","og_description":"L\u00e4r dig lite mer om historien bakom Sk\u00e4rg\u00e5rdens Bokm\u00e4ssa och de tv\u00e5 eldsj\u00e4lar som drog ig\u00e5ng alltihopa. I \u00e5r blir det andra m\u00e4ssan!","og_url":"https:\/\/www.skargardensbokmassa.se\/?page_id=28","og_site_name":"Sk\u00e4rg\u00e5rdens Bokm\u00e4ssa","article_modified_time":"2026-05-02T09:34:46+00:00","og_image":[{"width":1932,"height":1000,"url":"https:\/\/www.skargardensbokmassa.se\/wp-content\/uploads\/2024\/03\/Eva-och-jag-1.jpg","type":"image\/jpeg"}],"twitter_card":"summary_large_image","twitter_misc":{"Ber\u00e4knad l\u00e4stid":"2 minuter"},"schema":{"@context":"https:\/\/schema.org","@graph":[{"@type":"WebPage","@id":"https:\/\/www.skargardensbokmassa.se\/?page_id=28","url":"https:\/\/www.skargardensbokmassa.se\/?page_id=28","name":"Historien bakom Sk\u00e4rg\u00e5rdens Bokm\u00e4ssa - Sk\u00e4rg\u00e5rdens Bokm\u00e4ssa","isPartOf":{"@id":"https:\/\/www.skargardensbokmassa.se\/#website"},"primaryImageOfPage":{"@id":"https:\/\/www.skargardensbokmassa.se\/?page_id=28#primaryimage"},"image":{"@id":"https:\/\/www.skargardensbokmassa.se\/?page_id=28#primaryimage"},"thumbnailUrl":"https:\/\/www.skargardensbokmassa.se\/wp-content\/uploads\/2024\/03\/Eva-och-jag-1-1024x530.jpg","datePublished":"2024-02-17T15:30:28+00:00","dateModified":"2026-05-02T09:34:46+00:00","description":"L\u00e4r dig lite mer om historien bakom Sk\u00e4rg\u00e5rdens Bokm\u00e4ssa och de tv\u00e5 eldsj\u00e4lar som drog ig\u00e5ng alltihopa. I \u00e5r blir det andra m\u00e4ssan!","breadcrumb":{"@id":"https:\/\/www.skargardensbokmassa.se\/?page_id=28#breadcrumb"},"inLanguage":"sv-SE","potentialAction":[{"@type":"ReadAction","target":["https:\/\/www.skargardensbokmassa.se\/?page_id=28"]}]},{"@type":"ImageObject","inLanguage":"sv-SE","@id":"https:\/\/www.skargardensbokmassa.se\/?page_id=28#primaryimage","url":"https:\/\/www.skargardensbokmassa.se\/wp-content\/uploads\/2024\/03\/Eva-och-jag-1.jpg","contentUrl":"https:\/\/www.skargardensbokmassa.se\/wp-content\/uploads\/2024\/03\/Eva-och-jag-1.jpg","width":1932,"height":1000},{"@type":"BreadcrumbList","@id":"https:\/\/www.skargardensbokmassa.se\/?page_id=28#breadcrumb","itemListElement":[{"@type":"ListItem","position":1,"name":"Home","item":"https:\/\/www.skargardensbokmassa.se\/"},{"@type":"ListItem","position":2,"name":"Historien bakom Sk\u00e4rg\u00e5rdens Bokm\u00e4ssa"}]},{"@type":"WebSite","@id":"https:\/\/www.skargardensbokmassa.se\/#website","url":"https:\/\/www.skargardensbokmassa.se\/","name":"Sk\u00e4rg\u00e5rdens Bokm\u00e4ssa","description":"\u00d6bornas egen bokm\u00e4ssa","publisher":{"@id":"https:\/\/www.skargardensbokmassa.se\/#organization"},"potentialAction":[{"@type":"SearchAction","target":{"@type":"EntryPoint","urlTemplate":"https:\/\/www.skargardensbokmassa.se\/?s={search_term_string}"},"query-input":{"@type":"PropertyValueSpecification","valueRequired":true,"valueName":"search_term_string"}}],"inLanguage":"sv-SE"},{"@type":"Organization","@id":"https:\/\/www.skargardensbokmassa.se\/#organization","name":"Sk\u00e4rg\u00e5rdens Bokm\u00e4ssa","url":"https:\/\/www.skargardensbokmassa.se\/","logo":{"@type":"ImageObject","inLanguage":"sv-SE","@id":"https:\/\/www.skargardensbokmassa.se\/#\/schema\/logo\/image\/","url":"https:\/\/www.skargardensbokmassa.se\/wp-content\/uploads\/2024\/02\/Skargardens-Bokmassa-LOGO-1024x1024.jpg","contentUrl":"https:\/\/www.skargardensbokmassa.se\/wp-content\/uploads\/2024\/02\/Skargardens-Bokmassa-LOGO-1024x1024.jpg","width":1024,"height":1024,"caption":"Sk\u00e4rg\u00e5rdens Bokm\u00e4ssa"},"image":{"@id":"https:\/\/www.skargardensbokmassa.se\/#\/schema\/logo\/image\/"}}]}},"_links":{"self":[{"href":"https:\/\/www.skargardensbokmassa.se\/index.php?rest_route=\/wp\/v2\/pages\/28","targetHints":{"allow":["GET"]}}],"collection":[{"href":"https:\/\/www.skargardensbokmassa.se\/index.php?rest_route=\/wp\/v2\/pages"}],"about":[{"href":"https:\/\/www.skargardensbokmassa.se\/index.php?rest_route=\/wp\/v2\/types\/page"}],"author":[{"embeddable":true,"href":"https:\/\/www.skargardensbokmassa.se\/index.php?rest_route=\/wp\/v2\/users\/1"}],"replies":[{"embeddable":true,"href":"https:\/\/www.skargardensbokmassa.se\/index.php?rest_route=%2Fwp%2Fv2%2Fcomments&post=28"}],"version-history":[{"count":5,"href":"https:\/\/www.skargardensbokmassa.se\/index.php?rest_route=\/wp\/v2\/pages\/28\/revisions"}],"predecessor-version":[{"id":595,"href":"https:\/\/www.skargardensbokmassa.se\/index.php?rest_route=\/wp\/v2\/pages\/28\/revisions\/595"}],"wp:attachment":[{"href":"https:\/\/www.skargardensbokmassa.se\/index.php?rest_route=%2Fwp%2Fv2%2Fmedia&parent=28"}],"curies":[{"name":"wp","href":"https:\/\/api.w.org\/{rel}","templated":true}]}}